{"id":7969,"date":"2019-09-16T10:21:45","date_gmt":"2019-09-16T08:21:45","guid":{"rendered":"https:\/\/ieslamadraza.com\/wp\/?page_id=7969"},"modified":"2025-10-23T10:38:52","modified_gmt":"2025-10-23T08:38:52","slug":"trinity","status":"publish","type":"page","link":"https:\/\/ieslamadraza.com\/wp\/ensenanzas\/trinity\/","title":{"rendered":"TRINITY"},"content":{"rendered":"<p>[et_pb_section fb_built=\u00bb1&#8243; admin_label=\u00bbsection\u00bb _builder_version=\u00bb4.25.0&#8243; global_colors_info=\u00bb{}\u00bb][\/et_pb_section][et_pb_section fb_built=\u00bb1&#8243; admin_label=\u00bbsection\u00bb _builder_version=\u00bb4.25.0&#8243; global_colors_info=\u00bb{}\u00bb][et_pb_row admin_label=\u00bbrow\u00bb _builder_version=\u00bb4.27.4&#8243; background_size=\u00bbinitial\u00bb background_position=\u00bbtop_left\u00bb background_repeat=\u00bbrepeat\u00bb custom_margin=\u00bb|auto||456px||\u00bb global_colors_info=\u00bb{}\u00bb][et_pb_column type=\u00bb4_4&#8243; _builder_version=\u00bb4.16&#8243; custom_padding=\u00bb|||\u00bb global_colors_info=\u00bb{}\u00bb custom_padding__hover=\u00bb|||\u00bb][et_pb_text _builder_version=\u00bb4.27.4&#8243; vertical_offset_tablet=\u00bb0&#8243; horizontal_offset_tablet=\u00bb0&#8243; width=\u00bb100%\u00bb custom_padding=\u00bb||0px|1px||\u00bb hover_enabled=\u00bb0&#8243; z_index_tablet=\u00bb0&#8243; text_text_shadow_horizontal_length_tablet=\u00bb0px\u00bb text_text_shadow_vertical_length_tablet=\u00bb0px\u00bb text_text_shadow_blur_strength_tablet=\u00bb1px\u00bb link_text_shadow_horizontal_length_tablet=\u00bb0px\u00bb link_text_shadow_vertical_length_tablet=\u00bb0px\u00bb link_text_shadow_blur_strength_tablet=\u00bb1px\u00bb ul_text_shadow_horizontal_length_tablet=\u00bb0px\u00bb ul_text_shadow_vertical_length_tablet=\u00bb0px\u00bb ul_text_shadow_blur_strength_tablet=\u00bb1px\u00bb ol_text_shadow_horizontal_length_tablet=\u00bb0px\u00bb ol_text_shadow_vertical_length_tablet=\u00bb0px\u00bb ol_text_shadow_blur_strength_tablet=\u00bb1px\u00bb quote_text_shadow_horizontal_length_tablet=\u00bb0px\u00bb quote_text_shadow_vertical_length_tablet=\u00bb0px\u00bb quote_text_shadow_blur_strength_tablet=\u00bb1px\u00bb header_text_shadow_horizontal_length_tablet=\u00bb0px\u00bb header_text_shadow_vertical_length_tablet=\u00bb0px\u00bb header_text_shadow_blur_strength_tablet=\u00bb1px\u00bb header_2_text_shadow_horizontal_length_tablet=\u00bb0px\u00bb header_2_text_shadow_vertical_length_tablet=\u00bb0px\u00bb header_2_text_shadow_blur_strength_tablet=\u00bb1px\u00bb header_3_text_shadow_horizontal_length_tablet=\u00bb0px\u00bb header_3_text_shadow_vertical_length_tablet=\u00bb0px\u00bb header_3_text_shadow_blur_strength_tablet=\u00bb1px\u00bb header_4_text_shadow_horizontal_length_tablet=\u00bb0px\u00bb header_4_text_shadow_vertical_length_tablet=\u00bb0px\u00bb header_4_text_shadow_blur_strength_tablet=\u00bb1px\u00bb header_5_text_shadow_horizontal_length_tablet=\u00bb0px\u00bb header_5_text_shadow_vertical_length_tablet=\u00bb0px\u00bb header_5_text_shadow_blur_strength_tablet=\u00bb1px\u00bb header_6_text_shadow_horizontal_length_tablet=\u00bb0px\u00bb header_6_text_shadow_vertical_length_tablet=\u00bb0px\u00bb header_6_text_shadow_blur_strength_tablet=\u00bb1px\u00bb box_shadow_horizontal_tablet=\u00bb0px\u00bb box_shadow_vertical_tablet=\u00bb0px\u00bb box_shadow_blur_tablet=\u00bb40px\u00bb box_shadow_spread_tablet=\u00bb0px\u00bb global_colors_info=\u00bb{}\u00bb sticky_enabled=\u00bb0&#8243;]<\/p>\n<p><img decoding=\"async\" class=\"wp-image-22791 aligncenter size-medium lazyload\" data-src=\"https:\/\/ieslamadraza.com\/wp\/wp-content\/img\/2025\/09\/descarga-300x103.png\" alt=\"\" width=\"300\" height=\"103\" data-srcset=\"https:\/\/ieslamadraza.com\/wp\/wp-content\/img\/2025\/09\/descarga-300x103.png 300w, https:\/\/ieslamadraza.com\/wp\/wp-content\/img\/2025\/09\/descarga.png 304w\" data-sizes=\"(max-width: 300px) 100vw, 300px\" src=\"data:image\/svg+xml;base64,PHN2ZyB3aWR0aD0iMSIgaGVpZ2h0PSIxIiB4bWxucz0iaHR0cDovL3d3dy53My5vcmcvMjAwMC9zdmciPjwvc3ZnPg==\" style=\"--smush-placeholder-width: 300px; --smush-placeholder-aspect-ratio: 300\/103;\" \/><\/p>\n<p><strong>PRUEBAS TRINITY \u2013 IES LA MADRAZA 2025 \u2013 2026<\/strong><\/p>\n<p><strong>IES LA MADRAZA \u2013 Centro examinador registrado n\u00ba 44968<\/strong><\/p>\n<p>Desde el curso acad\u00e9mico 2015 \u2013 2016, el IES La Madraza forma parte de la red de Centros examinadores de las pruebas acreditativas de la competencia ling\u00fc\u00edstica organizadas por <strong>Trinity College London <\/strong>y ofrece la posibilidad de obtener las certificaciones <strong>B1, B2 y C1<\/strong>, seg\u00fan el <strong>\u201cMarco de Referencia Europeo de las lenguas\u201d<\/strong>, por medio de la realizaci\u00f3n de pruebas de<strong> ISE I (B1), ISE II (B2) e ISE III (C1).<\/strong><\/p>\n<p>Para examinarse en alguno de los niveles citados, debe cumplimentar el formulario pinchando en este <a href=\"https:\/\/docs.google.com\/forms\/d\/e\/1FAIpQLSez4-OwcoePMkX-GNS2Z3AmW_a0gy9fmpmMyZX6dLAIKrUBYA\/viewform?usp=sharing&amp;ouid=115636389122428078332\"><strong>enlace.<\/strong><\/a><\/p>\n<p>A continuaci\u00f3n, deben abonar el <strong>importe exacto de las tasas de matr\u00edcula <\/strong>en la secretar\u00eda del IES <strong>antes del 31 de enero de 2026. <\/strong>Especificando claramente los siguientes datos:<\/p>\n<ul>\n<li>Nombre y apellidos completos<\/li>\n<li>Curso en el que est\u00e1 matriculado en el IES (no es necesario si no se es alumno\/a del centro)<\/li>\n<li>Tel\u00e9fono e email del padre\/madre\/tutor\/a<\/li>\n<li>Importe pagado y nivel de ISE del que se examina.<\/li>\n<\/ul>\n<p><img decoding=\"async\" class=\"wp-image-23036 aligncenter lazyload\" data-src=\"https:\/\/ieslamadraza.com\/wp\/wp-content\/img\/2025\/10\/Sin-titulo-1080-x-1080-px-300x300.png\" alt=\"\" width=\"335\" height=\"335\" data-srcset=\"https:\/\/ieslamadraza.com\/wp\/wp-content\/img\/2025\/10\/Sin-titulo-1080-x-1080-px-300x300.png 300w, https:\/\/ieslamadraza.com\/wp\/wp-content\/img\/2025\/10\/Sin-titulo-1080-x-1080-px-1024x1024.png 1024w, https:\/\/ieslamadraza.com\/wp\/wp-content\/img\/2025\/10\/Sin-titulo-1080-x-1080-px-150x150.png 150w, https:\/\/ieslamadraza.com\/wp\/wp-content\/img\/2025\/10\/Sin-titulo-1080-x-1080-px-768x768.png 768w, https:\/\/ieslamadraza.com\/wp\/wp-content\/img\/2025\/10\/Sin-titulo-1080-x-1080-px-440x440.png 440w, https:\/\/ieslamadraza.com\/wp\/wp-content\/img\/2025\/10\/Sin-titulo-1080-x-1080-px.png 1080w\" data-sizes=\"(max-width: 335px) 100vw, 335px\" src=\"data:image\/svg+xml;base64,PHN2ZyB3aWR0aD0iMSIgaGVpZ2h0PSIxIiB4bWxucz0iaHR0cDovL3d3dy53My5vcmcvMjAwMC9zdmciPjwvc3ZnPg==\" style=\"--smush-placeholder-width: 335px; --smush-placeholder-aspect-ratio: 335\/335;\" \/><\/p>\n<p align=\"justify\">\n<p><strong>CLASES PARA LA PREPARACI\u00d3N DE LAS PRUEBAS EN EL IES<\/strong><\/p>\n<p align=\"justify\"><span style=\"color: #3d5564;\"><span style=\"font-family: Open Sans, serif;\">Este curso, y como consecuencia de la decisi\u00f3n de las autoridades educativas de no volver a emplear a <\/span><\/span><span style=\"color: #3d5564;\"><span style=\"font-family: Open Sans, serif;\"><b>Auxiliares de Conversaci\u00f3n como parte del programa biling\u00fce en Andaluc\u00eda<\/b><\/span><\/span><span style=\"color: #3d5564;\"><span style=\"font-family: Open Sans, serif;\">, tal como se ven\u00eda haciendo desde hac\u00eda una d\u00e9cada, el IES no podr\u00e1 ofertar clases espec\u00edficas para la preparaci\u00f3n de estas pruebas. <\/span><\/span><\/p>\n<p align=\"justify\"><span style=\"color: #3d5564;\"><span style=\"font-family: Open Sans, serif;\">Se est\u00e1 concretando con el AMPA alguna alternativa posible para remediar esta carencia. <\/span><\/span><\/p>\n<p align=\"justify\"><span style=\"color: #3d5564;\"><span style=\"font-family: Open Sans, serif;\">Se tendr\u00e1 puntualmente informadas a las familias. <\/span><\/span><\/p>\n<p>[\/et_pb_text][\/et_pb_column][\/et_pb_row][\/et_pb_section][et_pb_section fb_built=\u00bb1&#8243; _builder_version=\u00bb4.25.0&#8243; _module_preset=\u00bbdefault\u00bb global_colors_info=\u00bb{}\u00bb][\/et_pb_section][et_pb_section fb_built=\u00bb1&#8243; _builder_version=\u00bb4.25.0&#8243; _module_preset=\u00bbdefault\u00bb global_colors_info=\u00bb{}\u00bb][\/et_pb_section]<\/p>\n","protected":false},"excerpt":{"rendered":"<p>PRUEBAS TRINITY \u2013 IES LA MADRAZA 2025 \u2013 2026 IES LA MADRAZA \u2013 Centro examinador registrado n\u00ba 44968 Desde el curso acad\u00e9mico 2015 \u2013 2016, el IES La Madraza forma parte de la red de Centros examinadores de las pruebas acreditativas de la competencia ling\u00fc\u00edstica organizadas por Trinity College London y ofrece la posibilidad de [&hellip;]<\/p>\n","protected":false},"author":5,"featured_media":0,"parent":6603,"menu_order":0,"comment_status":"closed","ping_status":"closed","template":"page-template-fullwidth.php","meta":{"_et_pb_use_builder":"on","_et_pb_old_content":"","_et_gb_content_width":"","_monsterinsights_skip_tracking":false,"_monsterinsights_sitenote_active":false,"_monsterinsights_sitenote_note":"","_monsterinsights_sitenote_category":0,"footnotes":""},"class_list":["post-7969","page","type-page","status-publish","hentry"],"yoast_head":"<!-- This site is optimized with the Yoast SEO plugin v27.4 - https:\/\/yoast.com\/product\/yoast-seo-wordpress\/ -->\n<title>TRINITY - IES LA MADRAZA<\/title>\n<meta name=\"robots\" content=\"index, follow, max-snippet:-1, max-image-preview:large, max-video-preview:-1\" \/>\n<link rel=\"canonical\" href=\"https:\/\/ieslamadraza.com\/wp\/ensenanzas\/trinity\/\" \/>\n<meta property=\"og:locale\" content=\"es_ES\" \/>\n<meta property=\"og:type\" content=\"article\" \/>\n<meta property=\"og:title\" content=\"TRINITY - IES LA MADRAZA\" \/>\n<meta property=\"og:description\" content=\"PRUEBAS TRINITY \u2013 IES LA MADRAZA 2025 \u2013 2026 IES LA MADRAZA \u2013 Centro examinador registrado n\u00ba 44968 Desde el curso acad\u00e9mico 2015 \u2013 2016, el IES La Madraza forma parte de la red de Centros examinadores de las pruebas acreditativas de la competencia ling\u00fc\u00edstica organizadas por Trinity College London y ofrece la posibilidad de [&hellip;]\" \/>\n<meta property=\"og:url\" content=\"https:\/\/ieslamadraza.com\/wp\/ensenanzas\/trinity\/\" \/>\n<meta property=\"og:site_name\" content=\"IES LA MADRAZA\" \/>\n<meta property=\"article:publisher\" content=\"https:\/\/www.facebook.com\/ieslamadraza\/\" \/>\n<meta property=\"article:modified_time\" content=\"2025-10-23T08:38:52+00:00\" \/>\n<meta property=\"og:image\" content=\"https:\/\/ieslamadraza.com\/wp\/wp-content\/img\/2025\/09\/descarga.png\" \/>\n\t<meta property=\"og:image:width\" content=\"304\" \/>\n\t<meta property=\"og:image:height\" content=\"104\" \/>\n\t<meta property=\"og:image:type\" content=\"image\/png\" \/>\n<meta name=\"twitter:card\" content=\"summary_large_image\" \/>\n<meta name=\"twitter:site\" content=\"@MadrazaLa\" \/>\n<meta name=\"twitter:label1\" content=\"Tiempo de lectura\" \/>\n\t<meta name=\"twitter:data1\" content=\"3 minutos\" \/>\n<script type=\"application\/ld+json\" class=\"yoast-schema-graph\">{\"@context\":\"https:\\\/\\\/schema.org\",\"@graph\":[{\"@type\":\"WebPage\",\"@id\":\"https:\\\/\\\/ieslamadraza.com\\\/wp\\\/ensenanzas\\\/trinity\\\/\",\"url\":\"https:\\\/\\\/ieslamadraza.com\\\/wp\\\/ensenanzas\\\/trinity\\\/\",\"name\":\"TRINITY - IES LA MADRAZA\",\"isPartOf\":{\"@id\":\"https:\\\/\\\/ieslamadraza.com\\\/wp\\\/#website\"},\"primaryImageOfPage\":{\"@id\":\"https:\\\/\\\/ieslamadraza.com\\\/wp\\\/ensenanzas\\\/trinity\\\/#primaryimage\"},\"image\":{\"@id\":\"https:\\\/\\\/ieslamadraza.com\\\/wp\\\/ensenanzas\\\/trinity\\\/#primaryimage\"},\"thumbnailUrl\":\"https:\\\/\\\/ieslamadraza.com\\\/wp\\\/wp-content\\\/img\\\/2025\\\/09\\\/descarga-300x103.png\",\"datePublished\":\"2019-09-16T08:21:45+00:00\",\"dateModified\":\"2025-10-23T08:38:52+00:00\",\"breadcrumb\":{\"@id\":\"https:\\\/\\\/ieslamadraza.com\\\/wp\\\/ensenanzas\\\/trinity\\\/#breadcrumb\"},\"inLanguage\":\"es\",\"potentialAction\":[{\"@type\":\"ReadAction\",\"target\":[\"https:\\\/\\\/ieslamadraza.com\\\/wp\\\/ensenanzas\\\/trinity\\\/\"]}]},{\"@type\":\"ImageObject\",\"inLanguage\":\"es\",\"@id\":\"https:\\\/\\\/ieslamadraza.com\\\/wp\\\/ensenanzas\\\/trinity\\\/#primaryimage\",\"url\":\"https:\\\/\\\/ieslamadraza.com\\\/wp\\\/wp-content\\\/img\\\/2025\\\/09\\\/descarga.png\",\"contentUrl\":\"https:\\\/\\\/ieslamadraza.com\\\/wp\\\/wp-content\\\/img\\\/2025\\\/09\\\/descarga.png\",\"width\":304,\"height\":104},{\"@type\":\"BreadcrumbList\",\"@id\":\"https:\\\/\\\/ieslamadraza.com\\\/wp\\\/ensenanzas\\\/trinity\\\/#breadcrumb\",\"itemListElement\":[{\"@type\":\"ListItem\",\"position\":1,\"name\":\"Portada\",\"item\":\"https:\\\/\\\/ieslamadraza.com\\\/wp\\\/\"},{\"@type\":\"ListItem\",\"position\":2,\"name\":\"ENSE\u00d1ANZAS\",\"item\":\"https:\\\/\\\/ieslamadraza.com\\\/wp\\\/ensenanzas\\\/\"},{\"@type\":\"ListItem\",\"position\":3,\"name\":\"TRINITY\"}]},{\"@type\":\"WebSite\",\"@id\":\"https:\\\/\\\/ieslamadraza.com\\\/wp\\\/#website\",\"url\":\"https:\\\/\\\/ieslamadraza.com\\\/wp\\\/\",\"name\":\"IES LA MADRAZA\",\"description\":\"Instituto de Ense\u00f1anza Secundaria de Granada (Espa\u00f1a)\",\"publisher\":{\"@id\":\"https:\\\/\\\/ieslamadraza.com\\\/wp\\\/#organization\"},\"alternateName\":\"Inicio - IES LA MADRAZA\",\"potentialAction\":[{\"@type\":\"SearchAction\",\"target\":{\"@type\":\"EntryPoint\",\"urlTemplate\":\"https:\\\/\\\/ieslamadraza.com\\\/wp\\\/?s={search_term_string}\"},\"query-input\":{\"@type\":\"PropertyValueSpecification\",\"valueRequired\":true,\"valueName\":\"search_term_string\"}}],\"inLanguage\":\"es\"},{\"@type\":\"Organization\",\"@id\":\"https:\\\/\\\/ieslamadraza.com\\\/wp\\\/#organization\",\"name\":\"IES La Madraza -Instituto de Ense\u00f1anza Secundaria - Granada\",\"alternateName\":\"IES La Madraza -Instituto de Ense\u00f1anza Secundaria - Granada\",\"url\":\"https:\\\/\\\/ieslamadraza.com\\\/wp\\\/\",\"logo\":{\"@type\":\"ImageObject\",\"inLanguage\":\"es\",\"@id\":\"https:\\\/\\\/ieslamadraza.com\\\/wp\\\/#\\\/schema\\\/logo\\\/image\\\/\",\"url\":\"https:\\\/\\\/ieslamadraza.com\\\/wp\\\/wp-content\\\/img\\\/2025\\\/10\\\/logo.jpeg\",\"contentUrl\":\"https:\\\/\\\/ieslamadraza.com\\\/wp\\\/wp-content\\\/img\\\/2025\\\/10\\\/logo.jpeg\",\"width\":225,\"height\":225,\"caption\":\"IES La Madraza -Instituto de Ense\u00f1anza Secundaria - Granada\"},\"image\":{\"@id\":\"https:\\\/\\\/ieslamadraza.com\\\/wp\\\/#\\\/schema\\\/logo\\\/image\\\/\"},\"sameAs\":[\"https:\\\/\\\/www.facebook.com\\\/ieslamadraza\\\/\",\"https:\\\/\\\/x.com\\\/MadrazaLa\",\"https:\\\/\\\/www.instagram.com\\\/institutolamadraza\\\/\"]}]}<\/script>\n<!-- \/ Yoast SEO plugin. -->","yoast_head_json":{"title":"TRINITY - IES LA MADRAZA","robots":{"index":"index","follow":"follow","max-snippet":"max-snippet:-1","max-image-preview":"max-image-preview:large","max-video-preview":"max-video-preview:-1"},"canonical":"https:\/\/ieslamadraza.com\/wp\/ensenanzas\/trinity\/","og_locale":"es_ES","og_type":"article","og_title":"TRINITY - IES LA MADRAZA","og_description":"PRUEBAS TRINITY \u2013 IES LA MADRAZA 2025 \u2013 2026 IES LA MADRAZA \u2013 Centro examinador registrado n\u00ba 44968 Desde el curso acad\u00e9mico 2015 \u2013 2016, el IES La Madraza forma parte de la red de Centros examinadores de las pruebas acreditativas de la competencia ling\u00fc\u00edstica organizadas por Trinity College London y ofrece la posibilidad de [&hellip;]","og_url":"https:\/\/ieslamadraza.com\/wp\/ensenanzas\/trinity\/","og_site_name":"IES LA MADRAZA","article_publisher":"https:\/\/www.facebook.com\/ieslamadraza\/","article_modified_time":"2025-10-23T08:38:52+00:00","og_image":[{"width":304,"height":104,"url":"https:\/\/ieslamadraza.com\/wp\/wp-content\/img\/2025\/09\/descarga.png","type":"image\/png"}],"twitter_card":"summary_large_image","twitter_site":"@MadrazaLa","twitter_misc":{"Tiempo de lectura":"3 minutos"},"schema":{"@context":"https:\/\/schema.org","@graph":[{"@type":"WebPage","@id":"https:\/\/ieslamadraza.com\/wp\/ensenanzas\/trinity\/","url":"https:\/\/ieslamadraza.com\/wp\/ensenanzas\/trinity\/","name":"TRINITY - IES LA MADRAZA","isPartOf":{"@id":"https:\/\/ieslamadraza.com\/wp\/#website"},"primaryImageOfPage":{"@id":"https:\/\/ieslamadraza.com\/wp\/ensenanzas\/trinity\/#primaryimage"},"image":{"@id":"https:\/\/ieslamadraza.com\/wp\/ensenanzas\/trinity\/#primaryimage"},"thumbnailUrl":"https:\/\/ieslamadraza.com\/wp\/wp-content\/img\/2025\/09\/descarga-300x103.png","datePublished":"2019-09-16T08:21:45+00:00","dateModified":"2025-10-23T08:38:52+00:00","breadcrumb":{"@id":"https:\/\/ieslamadraza.com\/wp\/ensenanzas\/trinity\/#breadcrumb"},"inLanguage":"es","potentialAction":[{"@type":"ReadAction","target":["https:\/\/ieslamadraza.com\/wp\/ensenanzas\/trinity\/"]}]},{"@type":"ImageObject","inLanguage":"es","@id":"https:\/\/ieslamadraza.com\/wp\/ensenanzas\/trinity\/#primaryimage","url":"https:\/\/ieslamadraza.com\/wp\/wp-content\/img\/2025\/09\/descarga.png","contentUrl":"https:\/\/ieslamadraza.com\/wp\/wp-content\/img\/2025\/09\/descarga.png","width":304,"height":104},{"@type":"BreadcrumbList","@id":"https:\/\/ieslamadraza.com\/wp\/ensenanzas\/trinity\/#breadcrumb","itemListElement":[{"@type":"ListItem","position":1,"name":"Portada","item":"https:\/\/ieslamadraza.com\/wp\/"},{"@type":"ListItem","position":2,"name":"ENSE\u00d1ANZAS","item":"https:\/\/ieslamadraza.com\/wp\/ensenanzas\/"},{"@type":"ListItem","position":3,"name":"TRINITY"}]},{"@type":"WebSite","@id":"https:\/\/ieslamadraza.com\/wp\/#website","url":"https:\/\/ieslamadraza.com\/wp\/","name":"IES LA MADRAZA","description":"Instituto de Ense\u00f1anza Secundaria de Granada (Espa\u00f1a)","publisher":{"@id":"https:\/\/ieslamadraza.com\/wp\/#organization"},"alternateName":"Inicio - IES LA MADRAZA","potentialAction":[{"@type":"SearchAction","target":{"@type":"EntryPoint","urlTemplate":"https:\/\/ieslamadraza.com\/wp\/?s={search_term_string}"},"query-input":{"@type":"PropertyValueSpecification","valueRequired":true,"valueName":"search_term_string"}}],"inLanguage":"es"},{"@type":"Organization","@id":"https:\/\/ieslamadraza.com\/wp\/#organization","name":"IES La Madraza -Instituto de Ense\u00f1anza Secundaria - Granada","alternateName":"IES La Madraza -Instituto de Ense\u00f1anza Secundaria - Granada","url":"https:\/\/ieslamadraza.com\/wp\/","logo":{"@type":"ImageObject","inLanguage":"es","@id":"https:\/\/ieslamadraza.com\/wp\/#\/schema\/logo\/image\/","url":"https:\/\/ieslamadraza.com\/wp\/wp-content\/img\/2025\/10\/logo.jpeg","contentUrl":"https:\/\/ieslamadraza.com\/wp\/wp-content\/img\/2025\/10\/logo.jpeg","width":225,"height":225,"caption":"IES La Madraza -Instituto de Ense\u00f1anza Secundaria - Granada"},"image":{"@id":"https:\/\/ieslamadraza.com\/wp\/#\/schema\/logo\/image\/"},"sameAs":["https:\/\/www.facebook.com\/ieslamadraza\/","https:\/\/x.com\/MadrazaLa","https:\/\/www.instagram.com\/institutolamadraza\/"]}]}},"_links":{"self":[{"href":"https:\/\/ieslamadraza.com\/wp\/wp-json\/wp\/v2\/pages\/7969","targetHints":{"allow":["GET"]}}],"collection":[{"href":"https:\/\/ieslamadraza.com\/wp\/wp-json\/wp\/v2\/pages"}],"about":[{"href":"https:\/\/ieslamadraza.com\/wp\/wp-json\/wp\/v2\/types\/page"}],"author":[{"embeddable":true,"href":"https:\/\/ieslamadraza.com\/wp\/wp-json\/wp\/v2\/users\/5"}],"replies":[{"embeddable":true,"href":"https:\/\/ieslamadraza.com\/wp\/wp-json\/wp\/v2\/comments?post=7969"}],"version-history":[{"count":0,"href":"https:\/\/ieslamadraza.com\/wp\/wp-json\/wp\/v2\/pages\/7969\/revisions"}],"up":[{"embeddable":true,"href":"https:\/\/ieslamadraza.com\/wp\/wp-json\/wp\/v2\/pages\/6603"}],"wp:attachment":[{"href":"https:\/\/ieslamadraza.com\/wp\/wp-json\/wp\/v2\/media?parent=7969"}],"curies":[{"name":"wp","href":"https:\/\/api.w.org\/{rel}","templated":true}]}}