{"id":7586,"date":"2019-09-14T09:00:53","date_gmt":"2019-09-14T07:00:53","guid":{"rendered":"http:\/\/ieslamadraza.com\/wp\/?page_id=7586"},"modified":"2025-10-15T18:07:52","modified_gmt":"2025-10-15T16:07:52","slug":"clases-de-chino","status":"publish","type":"page","link":"https:\/\/ieslamadraza.com\/wp\/ensenanzas\/clases-de-chino\/","title":{"rendered":"CLASES DE CHINO"},"content":{"rendered":"<p>[et_pb_section fb_built=\u00bb1&#8243; _builder_version=\u00bb4.25.0&#8243; global_colors_info=\u00bb{}\u00bb][et_pb_row _builder_version=\u00bb4.25.0&#8243; global_colors_info=\u00bb{}\u00bb][et_pb_column type=\u00bb4_4&#8243; _builder_version=\u00bb4.16&#8243; global_colors_info=\u00bb{}\u00bb][et_pb_text _builder_version=\u00bb4.25.0&#8243; vertical_offset_tablet=\u00bb0&#8243; horizontal_offset_tablet=\u00bb0&#8243; hover_enabled=\u00bb0&#8243; z_index_tablet=\u00bb0&#8243; text_text_shadow_horizontal_length_tablet=\u00bb0px\u00bb text_text_shadow_vertical_length_tablet=\u00bb0px\u00bb text_text_shadow_blur_strength_tablet=\u00bb1px\u00bb link_text_shadow_horizontal_length_tablet=\u00bb0px\u00bb link_text_shadow_vertical_length_tablet=\u00bb0px\u00bb link_text_shadow_blur_strength_tablet=\u00bb1px\u00bb ul_text_shadow_horizontal_length_tablet=\u00bb0px\u00bb ul_text_shadow_vertical_length_tablet=\u00bb0px\u00bb ul_text_shadow_blur_strength_tablet=\u00bb1px\u00bb ol_text_shadow_horizontal_length_tablet=\u00bb0px\u00bb ol_text_shadow_vertical_length_tablet=\u00bb0px\u00bb ol_text_shadow_blur_strength_tablet=\u00bb1px\u00bb quote_text_shadow_horizontal_length_tablet=\u00bb0px\u00bb quote_text_shadow_vertical_length_tablet=\u00bb0px\u00bb quote_text_shadow_blur_strength_tablet=\u00bb1px\u00bb header_text_shadow_horizontal_length_tablet=\u00bb0px\u00bb header_text_shadow_vertical_length_tablet=\u00bb0px\u00bb header_text_shadow_blur_strength_tablet=\u00bb1px\u00bb header_2_text_shadow_horizontal_length_tablet=\u00bb0px\u00bb header_2_text_shadow_vertical_length_tablet=\u00bb0px\u00bb header_2_text_shadow_blur_strength_tablet=\u00bb1px\u00bb header_3_text_shadow_horizontal_length_tablet=\u00bb0px\u00bb header_3_text_shadow_vertical_length_tablet=\u00bb0px\u00bb header_3_text_shadow_blur_strength_tablet=\u00bb1px\u00bb header_4_text_shadow_horizontal_length_tablet=\u00bb0px\u00bb header_4_text_shadow_vertical_length_tablet=\u00bb0px\u00bb header_4_text_shadow_blur_strength_tablet=\u00bb1px\u00bb header_5_text_shadow_horizontal_length_tablet=\u00bb0px\u00bb header_5_text_shadow_vertical_length_tablet=\u00bb0px\u00bb header_5_text_shadow_blur_strength_tablet=\u00bb1px\u00bb header_6_text_shadow_horizontal_length_tablet=\u00bb0px\u00bb header_6_text_shadow_vertical_length_tablet=\u00bb0px\u00bb header_6_text_shadow_blur_strength_tablet=\u00bb1px\u00bb box_shadow_horizontal_tablet=\u00bb0px\u00bb box_shadow_vertical_tablet=\u00bb0px\u00bb box_shadow_blur_tablet=\u00bb40px\u00bb box_shadow_spread_tablet=\u00bb0px\u00bb global_colors_info=\u00bb{}\u00bb sticky_enabled=\u00bb0&#8243;]<\/p>\n<p>&nbsp;<\/p>\n<p><strong><img decoding=\"async\" class=\"wp-image-22768  alignleft lazyload\" data-src=\"https:\/\/ieslamadraza.com\/wp\/wp-content\/img\/2025\/09\/Imagen-1.jpg\" alt=\"\" width=\"116\" height=\"116\" data-srcset=\"https:\/\/ieslamadraza.com\/wp\/wp-content\/img\/2025\/09\/Imagen-1.jpg 238w, https:\/\/ieslamadraza.com\/wp\/wp-content\/img\/2025\/09\/Imagen-1-150x150.jpg 150w\" data-sizes=\"(max-width: 116px) 100vw, 116px\" src=\"data:image\/svg+xml;base64,PHN2ZyB3aWR0aD0iMSIgaGVpZ2h0PSIxIiB4bWxucz0iaHR0cDovL3d3dy53My5vcmcvMjAwMC9zdmciPjwvc3ZnPg==\" style=\"--smush-placeholder-width: 116px; --smush-placeholder-aspect-ratio: 116\/116;\" \/> <img decoding=\"async\" class=\"wp-image-22769  alignleft lazyload\" data-src=\"https:\/\/ieslamadraza.com\/wp\/wp-content\/img\/2025\/09\/Imagen-2-300x153.jpg\" alt=\"\" width=\"214\" height=\"109\" data-srcset=\"https:\/\/ieslamadraza.com\/wp\/wp-content\/img\/2025\/09\/Imagen-2-300x153.jpg 300w, https:\/\/ieslamadraza.com\/wp\/wp-content\/img\/2025\/09\/Imagen-2.jpg 322w\" data-sizes=\"(max-width: 214px) 100vw, 214px\" src=\"data:image\/svg+xml;base64,PHN2ZyB3aWR0aD0iMSIgaGVpZ2h0PSIxIiB4bWxucz0iaHR0cDovL3d3dy53My5vcmcvMjAwMC9zdmciPjwvc3ZnPg==\" style=\"--smush-placeholder-width: 214px; --smush-placeholder-aspect-ratio: 214\/109;\" \/><\/strong><strong>\u00a0<\/strong><\/p>\n<p>&nbsp;<\/p>\n<p>&nbsp;<\/p>\n<p>&nbsp;<\/p>\n<p><strong>CLASES DE CHINO extraescolar en el IES La Madraza <\/strong><\/p>\n<p><strong>\u00a0<\/strong>El Programa para la ense\u00f1anza de la lengua china se inicia en Andaluc\u00eda en el a\u00f1o 2011 mediante la firma el 12 de julio del acuerdo marco de colaboraci\u00f3n entre la Consejer\u00eda de Educaci\u00f3n de la Junta de Andaluc\u00eda y la Oficina Nacional de Promoci\u00f3n Internacional de la Lengua China, Hanban, y se desarrolla con la firma posterior del Convenio de colaboraci\u00f3n suscrito en 2015 entre la Oficina General del Instituto Confucio\/Hanban y la entonces Consejer\u00eda de Educaci\u00f3n, Cultura y Deporte de la Junta de Andaluc\u00eda.<\/p>\n<p>Se puede acceder a toda la informaci\u00f3n en la mencionada\u00a0en:<\/p>\n<p><a href=\"https:\/\/www.juntadeandalucia.es\/educacion\/portals\/delegate\/content\/9577daaa-b37e-45f3-8a58-e26488aed6ad\/Instrucciones%20aulas%20Confucio%2022-23\"><em>INSTRUCCI\u00d3N 17\/2022, DE 28 DE JUNIO, DE LA DIRECCI\u00d3N GENERAL DE ORDENACI\u00d3N Y EVALUACI\u00d3N<\/em><\/a><\/p>\n<p>La solicitud de inscripci\u00f3n en el Programa de Lengua China como\u00a0<strong>Actividad Extraescolar<\/strong>\u00a0se formular\u00e1 mediante la cumplimentaci\u00f3n del\u00a0siguiente formulario de inscripci\u00f3n:<\/p>\n<p><a href=\"https:\/\/drive.google.com\/file\/d\/1be-ujb116vaOwTknCWNDUe7FRz5_5k1S\/view?usp=sharing\"><strong>Anexo III &#8211; Solicitud 2025-2026<\/strong>\u00a0<\/a><\/p>\n<p>(el formulario puede descargarse online a trav\u00e9s del enlace o ser recogido f\u00edsicamente en la Secretar\u00eda del IES)<\/p>\n<p><strong>El plazo de inscripci\u00f3n<\/strong> en las clases de <strong>Chino Inicial y Chino Avanzado<\/strong> est\u00e1 abierto hasta el\u00a0<strong>30 de octubre 2025<\/strong>. Tan solo es necesario entregar la solicitud en la Secretar\u00eda del IES o enviar el formulario cumplimentado y escaneado al siguiente correo electr\u00f3nico:<\/p>\n<p><a href=\"mailto:proyectobilingue.ies.lamadraza@gmail.com\">proyectobilingue.ies.lamadraza@gmail.com<\/a><\/p>\n<div class=\"page\" title=\"Page 1\">\n<div class=\"layoutArea\">\n<div class=\"column\">\n<p><span>Para cualquier informacio\u0301n, consulten nuestra web de manera regular. <\/span><\/p>\n<\/div>\n<\/div>\n<\/div>\n<p><a href=\"https:\/\/ieslamadraza.com\/wp\/ensenanzas\/clases-de-chino\/\">https:\/\/ieslamadraza.com\/wp\/ensenanzas\/clases-de-chino\/<\/a><\/p>\n<p>Para informaci\u00f3n sobre la actividad en el IES, clases, matriculaci\u00f3n, etc. deben escribir a:<\/p>\n<p><strong>Charo Reyes &#8211; Coordinadora Biling\u00fce &#8211; IES La Madraza <\/strong><\/p>\n<p><a href=\"mailto:proyectobiling\u00fce.ies.lamadraza@gmail.com\"><strong>proyectobiling\u00fce.ies.lamadraza@gmail.com<\/strong><\/a><\/p>\n<p style=\"font-weight: 400;\">[\/et_pb_text][\/et_pb_column][\/et_pb_row][\/et_pb_section]<\/p>\n","protected":false},"excerpt":{"rendered":"<p>&nbsp; \u00a0 &nbsp; &nbsp; &nbsp; CLASES DE CHINO extraescolar en el IES La Madraza \u00a0El Programa para la ense\u00f1anza de la lengua china se inicia en Andaluc\u00eda en el a\u00f1o 2011 mediante la firma el 12 de julio del acuerdo marco de colaboraci\u00f3n entre la Consejer\u00eda de Educaci\u00f3n de la Junta de Andaluc\u00eda y la [&hellip;]<\/p>\n","protected":false},"author":5,"featured_media":0,"parent":6603,"menu_order":0,"comment_status":"closed","ping_status":"closed","template":"page-template-fullwidth.php","meta":{"_et_pb_use_builder":"on","_et_pb_old_content":"","_et_gb_content_width":"","_monsterinsights_skip_tracking":false,"_monsterinsights_sitenote_active":false,"_monsterinsights_sitenote_note":"","_monsterinsights_sitenote_category":0,"footnotes":""},"class_list":["post-7586","page","type-page","status-publish","hentry"],"yoast_head":"<!-- This site is optimized with the Yoast SEO plugin v27.6 - https:\/\/yoast.com\/product\/yoast-seo-wordpress\/ -->\n<title>CLASES DE CHINO - IES LA MADRAZA<\/title>\n<meta name=\"robots\" content=\"index, follow, max-snippet:-1, max-image-preview:large, max-video-preview:-1\" \/>\n<link rel=\"canonical\" href=\"https:\/\/ieslamadraza.com\/wp\/ensenanzas\/clases-de-chino\/\" \/>\n<meta property=\"og:locale\" content=\"es_ES\" \/>\n<meta property=\"og:type\" content=\"article\" \/>\n<meta property=\"og:title\" content=\"CLASES DE CHINO - IES LA MADRAZA\" \/>\n<meta property=\"og:description\" content=\"&nbsp; \u00a0 &nbsp; &nbsp; &nbsp; CLASES DE CHINO extraescolar en el IES La Madraza \u00a0El Programa para la ense\u00f1anza de la lengua china se inicia en Andaluc\u00eda en el a\u00f1o 2011 mediante la firma el 12 de julio del acuerdo marco de colaboraci\u00f3n entre la Consejer\u00eda de Educaci\u00f3n de la Junta de Andaluc\u00eda y la [&hellip;]\" \/>\n<meta property=\"og:url\" content=\"https:\/\/ieslamadraza.com\/wp\/ensenanzas\/clases-de-chino\/\" \/>\n<meta property=\"og:site_name\" content=\"IES LA MADRAZA\" \/>\n<meta property=\"article:publisher\" content=\"https:\/\/www.facebook.com\/ieslamadraza\/\" \/>\n<meta property=\"article:modified_time\" content=\"2025-10-15T16:07:52+00:00\" \/>\n<meta property=\"og:image\" content=\"https:\/\/ieslamadraza.com\/wp\/wp-content\/img\/2025\/09\/Imagen-1.jpg\" \/>\n\t<meta property=\"og:image:width\" content=\"238\" \/>\n\t<meta property=\"og:image:height\" content=\"238\" \/>\n\t<meta property=\"og:image:type\" content=\"image\/jpeg\" \/>\n<meta name=\"twitter:card\" content=\"summary_large_image\" \/>\n<meta name=\"twitter:site\" content=\"@MadrazaLa\" \/>\n<meta name=\"twitter:label1\" content=\"Tiempo de lectura\" \/>\n\t<meta name=\"twitter:data1\" content=\"3 minutos\" \/>\n<script type=\"application\/ld+json\" class=\"yoast-schema-graph\">{\"@context\":\"https:\\\/\\\/schema.org\",\"@graph\":[{\"@type\":\"WebPage\",\"@id\":\"https:\\\/\\\/ieslamadraza.com\\\/wp\\\/ensenanzas\\\/clases-de-chino\\\/\",\"url\":\"https:\\\/\\\/ieslamadraza.com\\\/wp\\\/ensenanzas\\\/clases-de-chino\\\/\",\"name\":\"CLASES DE CHINO - IES LA MADRAZA\",\"isPartOf\":{\"@id\":\"https:\\\/\\\/ieslamadraza.com\\\/wp\\\/#website\"},\"primaryImageOfPage\":{\"@id\":\"https:\\\/\\\/ieslamadraza.com\\\/wp\\\/ensenanzas\\\/clases-de-chino\\\/#primaryimage\"},\"image\":{\"@id\":\"https:\\\/\\\/ieslamadraza.com\\\/wp\\\/ensenanzas\\\/clases-de-chino\\\/#primaryimage\"},\"thumbnailUrl\":\"https:\\\/\\\/ieslamadraza.com\\\/wp\\\/wp-content\\\/img\\\/2025\\\/09\\\/Imagen-1.jpg\",\"datePublished\":\"2019-09-14T07:00:53+00:00\",\"dateModified\":\"2025-10-15T16:07:52+00:00\",\"breadcrumb\":{\"@id\":\"https:\\\/\\\/ieslamadraza.com\\\/wp\\\/ensenanzas\\\/clases-de-chino\\\/#breadcrumb\"},\"inLanguage\":\"es\",\"potentialAction\":[{\"@type\":\"ReadAction\",\"target\":[\"https:\\\/\\\/ieslamadraza.com\\\/wp\\\/ensenanzas\\\/clases-de-chino\\\/\"]}]},{\"@type\":\"ImageObject\",\"inLanguage\":\"es\",\"@id\":\"https:\\\/\\\/ieslamadraza.com\\\/wp\\\/ensenanzas\\\/clases-de-chino\\\/#primaryimage\",\"url\":\"https:\\\/\\\/ieslamadraza.com\\\/wp\\\/wp-content\\\/img\\\/2025\\\/09\\\/Imagen-1.jpg\",\"contentUrl\":\"https:\\\/\\\/ieslamadraza.com\\\/wp\\\/wp-content\\\/img\\\/2025\\\/09\\\/Imagen-1.jpg\",\"width\":238,\"height\":238},{\"@type\":\"BreadcrumbList\",\"@id\":\"https:\\\/\\\/ieslamadraza.com\\\/wp\\\/ensenanzas\\\/clases-de-chino\\\/#breadcrumb\",\"itemListElement\":[{\"@type\":\"ListItem\",\"position\":1,\"name\":\"Portada\",\"item\":\"https:\\\/\\\/ieslamadraza.com\\\/wp\\\/\"},{\"@type\":\"ListItem\",\"position\":2,\"name\":\"ENSE\u00d1ANZAS\",\"item\":\"https:\\\/\\\/ieslamadraza.com\\\/wp\\\/ensenanzas\\\/\"},{\"@type\":\"ListItem\",\"position\":3,\"name\":\"CLASES DE CHINO\"}]},{\"@type\":\"WebSite\",\"@id\":\"https:\\\/\\\/ieslamadraza.com\\\/wp\\\/#website\",\"url\":\"https:\\\/\\\/ieslamadraza.com\\\/wp\\\/\",\"name\":\"IES LA MADRAZA\",\"description\":\"Instituto de Ense\u00f1anza Secundaria de Granada (Espa\u00f1a)\",\"publisher\":{\"@id\":\"https:\\\/\\\/ieslamadraza.com\\\/wp\\\/#organization\"},\"alternateName\":\"Inicio - IES LA MADRAZA\",\"potentialAction\":[{\"@type\":\"SearchAction\",\"target\":{\"@type\":\"EntryPoint\",\"urlTemplate\":\"https:\\\/\\\/ieslamadraza.com\\\/wp\\\/?s={search_term_string}\"},\"query-input\":{\"@type\":\"PropertyValueSpecification\",\"valueRequired\":true,\"valueName\":\"search_term_string\"}}],\"inLanguage\":\"es\"},{\"@type\":\"Organization\",\"@id\":\"https:\\\/\\\/ieslamadraza.com\\\/wp\\\/#organization\",\"name\":\"IES La Madraza -Instituto de Ense\u00f1anza Secundaria - Granada\",\"alternateName\":\"IES La Madraza -Instituto de Ense\u00f1anza Secundaria - Granada\",\"url\":\"https:\\\/\\\/ieslamadraza.com\\\/wp\\\/\",\"logo\":{\"@type\":\"ImageObject\",\"inLanguage\":\"es\",\"@id\":\"https:\\\/\\\/ieslamadraza.com\\\/wp\\\/#\\\/schema\\\/logo\\\/image\\\/\",\"url\":\"https:\\\/\\\/ieslamadraza.com\\\/wp\\\/wp-content\\\/img\\\/2025\\\/10\\\/logo.jpeg\",\"contentUrl\":\"https:\\\/\\\/ieslamadraza.com\\\/wp\\\/wp-content\\\/img\\\/2025\\\/10\\\/logo.jpeg\",\"width\":225,\"height\":225,\"caption\":\"IES La Madraza -Instituto de Ense\u00f1anza Secundaria - Granada\"},\"image\":{\"@id\":\"https:\\\/\\\/ieslamadraza.com\\\/wp\\\/#\\\/schema\\\/logo\\\/image\\\/\"},\"sameAs\":[\"https:\\\/\\\/www.facebook.com\\\/ieslamadraza\\\/\",\"https:\\\/\\\/x.com\\\/MadrazaLa\",\"https:\\\/\\\/www.instagram.com\\\/institutolamadraza\\\/\"]}]}<\/script>\n<!-- \/ Yoast SEO plugin. -->","yoast_head_json":{"title":"CLASES DE CHINO - IES LA MADRAZA","robots":{"index":"index","follow":"follow","max-snippet":"max-snippet:-1","max-image-preview":"max-image-preview:large","max-video-preview":"max-video-preview:-1"},"canonical":"https:\/\/ieslamadraza.com\/wp\/ensenanzas\/clases-de-chino\/","og_locale":"es_ES","og_type":"article","og_title":"CLASES DE CHINO - IES LA MADRAZA","og_description":"&nbsp; \u00a0 &nbsp; &nbsp; &nbsp; CLASES DE CHINO extraescolar en el IES La Madraza \u00a0El Programa para la ense\u00f1anza de la lengua china se inicia en Andaluc\u00eda en el a\u00f1o 2011 mediante la firma el 12 de julio del acuerdo marco de colaboraci\u00f3n entre la Consejer\u00eda de Educaci\u00f3n de la Junta de Andaluc\u00eda y la [&hellip;]","og_url":"https:\/\/ieslamadraza.com\/wp\/ensenanzas\/clases-de-chino\/","og_site_name":"IES LA MADRAZA","article_publisher":"https:\/\/www.facebook.com\/ieslamadraza\/","article_modified_time":"2025-10-15T16:07:52+00:00","og_image":[{"width":238,"height":238,"url":"https:\/\/ieslamadraza.com\/wp\/wp-content\/img\/2025\/09\/Imagen-1.jpg","type":"image\/jpeg"}],"twitter_card":"summary_large_image","twitter_site":"@MadrazaLa","twitter_misc":{"Tiempo de lectura":"3 minutos"},"schema":{"@context":"https:\/\/schema.org","@graph":[{"@type":"WebPage","@id":"https:\/\/ieslamadraza.com\/wp\/ensenanzas\/clases-de-chino\/","url":"https:\/\/ieslamadraza.com\/wp\/ensenanzas\/clases-de-chino\/","name":"CLASES DE CHINO - IES LA MADRAZA","isPartOf":{"@id":"https:\/\/ieslamadraza.com\/wp\/#website"},"primaryImageOfPage":{"@id":"https:\/\/ieslamadraza.com\/wp\/ensenanzas\/clases-de-chino\/#primaryimage"},"image":{"@id":"https:\/\/ieslamadraza.com\/wp\/ensenanzas\/clases-de-chino\/#primaryimage"},"thumbnailUrl":"https:\/\/ieslamadraza.com\/wp\/wp-content\/img\/2025\/09\/Imagen-1.jpg","datePublished":"2019-09-14T07:00:53+00:00","dateModified":"2025-10-15T16:07:52+00:00","breadcrumb":{"@id":"https:\/\/ieslamadraza.com\/wp\/ensenanzas\/clases-de-chino\/#breadcrumb"},"inLanguage":"es","potentialAction":[{"@type":"ReadAction","target":["https:\/\/ieslamadraza.com\/wp\/ensenanzas\/clases-de-chino\/"]}]},{"@type":"ImageObject","inLanguage":"es","@id":"https:\/\/ieslamadraza.com\/wp\/ensenanzas\/clases-de-chino\/#primaryimage","url":"https:\/\/ieslamadraza.com\/wp\/wp-content\/img\/2025\/09\/Imagen-1.jpg","contentUrl":"https:\/\/ieslamadraza.com\/wp\/wp-content\/img\/2025\/09\/Imagen-1.jpg","width":238,"height":238},{"@type":"BreadcrumbList","@id":"https:\/\/ieslamadraza.com\/wp\/ensenanzas\/clases-de-chino\/#breadcrumb","itemListElement":[{"@type":"ListItem","position":1,"name":"Portada","item":"https:\/\/ieslamadraza.com\/wp\/"},{"@type":"ListItem","position":2,"name":"ENSE\u00d1ANZAS","item":"https:\/\/ieslamadraza.com\/wp\/ensenanzas\/"},{"@type":"ListItem","position":3,"name":"CLASES DE CHINO"}]},{"@type":"WebSite","@id":"https:\/\/ieslamadraza.com\/wp\/#website","url":"https:\/\/ieslamadraza.com\/wp\/","name":"IES LA MADRAZA","description":"Instituto de Ense\u00f1anza Secundaria de Granada (Espa\u00f1a)","publisher":{"@id":"https:\/\/ieslamadraza.com\/wp\/#organization"},"alternateName":"Inicio - IES LA MADRAZA","potentialAction":[{"@type":"SearchAction","target":{"@type":"EntryPoint","urlTemplate":"https:\/\/ieslamadraza.com\/wp\/?s={search_term_string}"},"query-input":{"@type":"PropertyValueSpecification","valueRequired":true,"valueName":"search_term_string"}}],"inLanguage":"es"},{"@type":"Organization","@id":"https:\/\/ieslamadraza.com\/wp\/#organization","name":"IES La Madraza -Instituto de Ense\u00f1anza Secundaria - Granada","alternateName":"IES La Madraza -Instituto de Ense\u00f1anza Secundaria - Granada","url":"https:\/\/ieslamadraza.com\/wp\/","logo":{"@type":"ImageObject","inLanguage":"es","@id":"https:\/\/ieslamadraza.com\/wp\/#\/schema\/logo\/image\/","url":"https:\/\/ieslamadraza.com\/wp\/wp-content\/img\/2025\/10\/logo.jpeg","contentUrl":"https:\/\/ieslamadraza.com\/wp\/wp-content\/img\/2025\/10\/logo.jpeg","width":225,"height":225,"caption":"IES La Madraza -Instituto de Ense\u00f1anza Secundaria - Granada"},"image":{"@id":"https:\/\/ieslamadraza.com\/wp\/#\/schema\/logo\/image\/"},"sameAs":["https:\/\/www.facebook.com\/ieslamadraza\/","https:\/\/x.com\/MadrazaLa","https:\/\/www.instagram.com\/institutolamadraza\/"]}]}},"_links":{"self":[{"href":"https:\/\/ieslamadraza.com\/wp\/wp-json\/wp\/v2\/pages\/7586","targetHints":{"allow":["GET"]}}],"collection":[{"href":"https:\/\/ieslamadraza.com\/wp\/wp-json\/wp\/v2\/pages"}],"about":[{"href":"https:\/\/ieslamadraza.com\/wp\/wp-json\/wp\/v2\/types\/page"}],"author":[{"embeddable":true,"href":"https:\/\/ieslamadraza.com\/wp\/wp-json\/wp\/v2\/users\/5"}],"replies":[{"embeddable":true,"href":"https:\/\/ieslamadraza.com\/wp\/wp-json\/wp\/v2\/comments?post=7586"}],"version-history":[{"count":0,"href":"https:\/\/ieslamadraza.com\/wp\/wp-json\/wp\/v2\/pages\/7586\/revisions"}],"up":[{"embeddable":true,"href":"https:\/\/ieslamadraza.com\/wp\/wp-json\/wp\/v2\/pages\/6603"}],"wp:attachment":[{"href":"https:\/\/ieslamadraza.com\/wp\/wp-json\/wp\/v2\/media?parent=7586"}],"curies":[{"name":"wp","href":"https:\/\/api.w.org\/{rel}","templated":true}]}}